{"id":150,"date":"2018-02-01T02:21:07","date_gmt":"2018-02-01T02:21:07","guid":{"rendered":"https:\/\/laverdadesrevolucion.uy\/blog\/?page_id=150"},"modified":"2018-05-21T16:36:56","modified_gmt":"2018-05-21T19:36:56","slug":"quienes-somos","status":"publish","type":"page","link":"https:\/\/laverdadesrevolucion.uy\/blog\/quienes-somos\/","title":{"rendered":"Quienes somos"},"content":{"rendered":"<p><span style=\"font-size: 14pt;\">Somos un grupo de militantes pol\u00edticos de izquierda que vivimos en Tacuaremb\u00f3. <\/span><\/p>\n<p><span style=\"font-size: 14pt;\">Decidimos abrir este espacio virtual para tener mayor comunicaci\u00f3n con nuestros conciudadanos. <\/span><\/p>\n<p><span style=\"font-size: 14pt;\">Nuestra idea es usar las herramientas TIC necesarias para tener una comunicaci\u00f3n bidireccional con ustedes. Este blog ser\u00e1 el centro de nuestra informaci\u00f3n. Publicaremos art\u00edculos de opini\u00f3n, haremos denuncias y planteos, expondremos nuestra visi\u00f3n del departamento y del pa\u00eds que queremos. <\/span><\/p>\n<p><span style=\"font-size: 14pt;\">Para ello usaremos formatos como el audio por medio de poscast y videos en nuestro canal de <a href=\"https:\/\/www.youtube.com\/channel\/UCkWdCDkngz_X1KDwm4wqa7w\" target=\"_blank\" rel=\"noopener\">youtube<\/a>. En el <a href=\"https:\/\/laverdadesrevolucion.uy\" target=\"_blank\" rel=\"noopener\">blog<\/a> tenemos una serie de formularios que ustedes pueden utilizar para enviarnos sus inquietudes, ideas y denuncias. Adem\u00e1s est\u00e1n habilitados varios correos electr\u00f3nicos que ser\u00e1n promocionados asiduamente. <\/span><\/p>\n<p><span style=\"font-size: 14pt;\">Tambi\u00e9n pueden <a href=\"https:\/\/laverdadesrevolucion.uy\/blog\/mc4wp-form-preview\/\" target=\"_blank\" rel=\"noopener\">suscribirse al bolet\u00edn<\/a> para recibir peri\u00f3dicamente toda la informaci\u00f3n. Como algo esencial, est\u00e1 nuestra p\u00e1gina de <a href=\"https:\/\/fb.me\/verdadrevolucion\" target=\"_blank\" rel=\"noopener\">Facebook<\/a>, de <a href=\"https:\/\/www.instagram.com\/verdadesrevoluciontbo\" target=\"_blank\" rel=\"noopener\">Instagram<\/a> y de <a href=\"https:\/\/twitter.com\/verdadrevol\" target=\"_blank\" rel=\"noopener\">Twitter<\/a>, donde estaremos publicando las actualizaciones del blog y compartiremos otras fuentes de informaci\u00f3n. Estamos abiertos a cualquier cr\u00edtica y sugerencia.<\/span><\/p>\n<p>&nbsp;<\/p>\n","protected":false},"excerpt":{"rendered":"<p>Somos un grupo de militantes pol\u00edticos de izquierda que vivimos en Tacuaremb\u00f3. Decidimos abrir este espacio virtual para tener mayor comunicaci\u00f3n con nuestros conciudadanos. Nuestra idea es usar las herramientas TIC necesarias para tener una comunicaci\u00f3n bidireccional con ustedes. Este blog ser\u00e1 el centro de nuestra informaci\u00f3n. Publicaremos art\u00edculos de opini\u00f3n, haremos denuncias y planteos, [&hellip;]<\/p>\n","protected":false},"author":0,"featured_media":307,"parent":0,"menu_order":0,"comment_status":"closed","ping_status":"closed","template":"","meta":{"footnotes":""},"class_list":["post-150","page","type-page","status-publish","has-post-thumbnail","hentry"],"_links":{"self":[{"href":"https:\/\/laverdadesrevolucion.uy\/blog\/wp-json\/wp\/v2\/pages\/150","targetHints":{"allow":["GET"]}}],"collection":[{"href":"https:\/\/laverdadesrevolucion.uy\/blog\/wp-json\/wp\/v2\/pages"}],"about":[{"href":"https:\/\/laverdadesrevolucion.uy\/blog\/wp-json\/wp\/v2\/types\/page"}],"replies":[{"embeddable":true,"href":"https:\/\/laverdadesrevolucion.uy\/blog\/wp-json\/wp\/v2\/comments?post=150"}],"version-history":[{"count":7,"href":"https:\/\/laverdadesrevolucion.uy\/blog\/wp-json\/wp\/v2\/pages\/150\/revisions"}],"predecessor-version":[{"id":308,"href":"https:\/\/laverdadesrevolucion.uy\/blog\/wp-json\/wp\/v2\/pages\/150\/revisions\/308"}],"wp:featuredmedia":[{"embeddable":true,"href":"https:\/\/laverdadesrevolucion.uy\/blog\/wp-json\/wp\/v2\/media\/307"}],"wp:attachment":[{"href":"https:\/\/laverdadesrevolucion.uy\/blog\/wp-json\/wp\/v2\/media?parent=150"}],"curies":[{"name":"wp","href":"https:\/\/api.w.org\/{rel}","templated":true}]}}