{"id":418,"date":"2018-09-04T22:49:55","date_gmt":"2018-09-05T01:49:55","guid":{"rendered":"https:\/\/laverdadesrevolucion.uy\/blog\/?page_id=418"},"modified":"2018-09-06T04:12:49","modified_gmt":"2018-09-06T07:12:49","slug":"raleo-en-el-parque-oribe","status":"publish","type":"page","link":"https:\/\/laverdadesrevolucion.uy\/blog\/raleo-en-el-parque-oribe\/","title":{"rendered":"Raleo en el Parque Oribe y Balneario Ipor\u00e1"},"content":{"rendered":"\n<h4 class=\"wp-block-heading\">Vista a\u00e9rea general del balneario Ipor\u00e1 y parque Oribe<\/h4>\n\n\n\n<div class=\"wp-block-image\"><figure class=\"aligncenter\"><img loading=\"lazy\" decoding=\"async\" width=\"1280\" height=\"1037\" src=\"https:\/\/laverdadesrevolucion.uy\/blog\/wp-content\/uploads\/2018\/09\/area-forestada-parque-manuel-oribe-y-balneario-ipora.jpg\" alt=\"\" class=\"wp-image-449\" srcset=\"https:\/\/laverdadesrevolucion.uy\/blog\/wp-content\/uploads\/2018\/09\/area-forestada-parque-manuel-oribe-y-balneario-ipora.jpg 1280w, https:\/\/laverdadesrevolucion.uy\/blog\/wp-content\/uploads\/2018\/09\/area-forestada-parque-manuel-oribe-y-balneario-ipora-300x243.jpg 300w, https:\/\/laverdadesrevolucion.uy\/blog\/wp-content\/uploads\/2018\/09\/area-forestada-parque-manuel-oribe-y-balneario-ipora-768x622.jpg 768w, https:\/\/laverdadesrevolucion.uy\/blog\/wp-content\/uploads\/2018\/09\/area-forestada-parque-manuel-oribe-y-balneario-ipora-1024x830.jpg 1024w, https:\/\/laverdadesrevolucion.uy\/blog\/wp-content\/uploads\/2018\/09\/area-forestada-parque-manuel-oribe-y-balneario-ipora-780x632.jpg 780w\" sizes=\"auto, (max-width: 1280px) 100vw, 1280px\" \/><\/figure><\/div>\n\n\n\n<iframe loading=\"lazy\" frameborder=\"0\" class=\"juxtapose\" width=\"100%\" height=\"600\" src=\"https:\/\/cdn.knightlab.com\/libs\/juxtapose\/latest\/embed\/index.html?uid=d9b26690-b195-11e8-9dba-0edaf8f81e27\"><\/iframe>\n\n\n\n<p style=\"text-align:center\"><a href=\"https:\/\/cdn.knightlab.com\/libs\/juxtapose\/latest\/embed\/index.html?uid=d9b26690-b195-11e8-9dba-0edaf8f81e27\" target=\"_blank\">Enlace externo a la comparaci\u00f3n<\/a><\/p>\n\n\n\n<pre class=\"wp-block-preformatted\"><a href=\"https:\/\/cdn.knightlab.com\/libs\/juxtapose\/latest\/embed\/index.html?uid=d9b26690-b195-11e8-9dba-0edaf8f81e27\" target=\"_blank\"><\/a><\/pre>\n\n\n\n<iframe loading=\"lazy\" frameborder=\"0\" class=\"juxtapose\" width=\"100%\" height=\"600\" src=\"https:\/\/cdn.knightlab.com\/libs\/juxtapose\/latest\/embed\/index.html?uid=7fc844ec-b195-11e8-9dba-0edaf8f81e27\"><\/iframe>\n\n\n\n<div class=\"wp-block-image\"><figure class=\"aligncenter\"><img loading=\"lazy\" decoding=\"async\" width=\"352\" height=\"69\" src=\"https:\/\/laverdadesrevolucion.uy\/blog\/wp-content\/uploads\/2018\/09\/image-3.png\" alt=\"\" class=\"wp-image-464\" srcset=\"https:\/\/laverdadesrevolucion.uy\/blog\/wp-content\/uploads\/2018\/09\/image-3.png 352w, https:\/\/laverdadesrevolucion.uy\/blog\/wp-content\/uploads\/2018\/09\/image-3-300x59.png 300w\" sizes=\"auto, (max-width: 352px) 100vw, 352px\" \/><\/figure><\/div>\n\n\n\n<pre class=\"wp-block-preformatted\"><\/pre>\n\n\n\n<iframe loading=\"lazy\" frameborder=\"0\" class=\"juxtapose\" width=\"100%\" height=\"600\" src=\"https:\/\/cdn.knightlab.com\/libs\/juxtapose\/latest\/embed\/index.html?uid=3e9a7882-b195-11e8-9dba-0edaf8f81e27\"><\/iframe>\n\n\n\n<div class=\"wp-block-image\"><figure class=\"aligncenter\"><img loading=\"lazy\" decoding=\"async\" width=\"352\" height=\"86\" src=\"https:\/\/laverdadesrevolucion.uy\/blog\/wp-content\/uploads\/2018\/09\/image-5.png\" alt=\"\" class=\"wp-image-466\" srcset=\"https:\/\/laverdadesrevolucion.uy\/blog\/wp-content\/uploads\/2018\/09\/image-5.png 352w, https:\/\/laverdadesrevolucion.uy\/blog\/wp-content\/uploads\/2018\/09\/image-5-300x73.png 300w\" sizes=\"auto, (max-width: 352px) 100vw, 352px\" \/><\/figure><\/div>\n\n\n\n<pre class=\"wp-block-preformatted\"><\/pre>\n\n\n\n<iframe loading=\"lazy\" frameborder=\"0\" class=\"juxtapose\" width=\"100%\" height=\"600\" src=\"https:\/\/cdn.knightlab.com\/libs\/juxtapose\/latest\/embed\/index.html?uid=eb261f58-b194-11e8-9dba-0edaf8f81e27\"><\/iframe>\n\n\n\n<div class=\"wp-block-image\"><figure class=\"aligncenter\"><img loading=\"lazy\" decoding=\"async\" width=\"352\" height=\"86\" src=\"https:\/\/laverdadesrevolucion.uy\/blog\/wp-content\/uploads\/2018\/09\/image-6.png\" alt=\"\" class=\"wp-image-467\" srcset=\"https:\/\/laverdadesrevolucion.uy\/blog\/wp-content\/uploads\/2018\/09\/image-6.png 352w, https:\/\/laverdadesrevolucion.uy\/blog\/wp-content\/uploads\/2018\/09\/image-6-300x73.png 300w\" sizes=\"auto, (max-width: 352px) 100vw, 352px\" \/><\/figure><\/div>\n\n\n\n<pre class=\"wp-block-preformatted\"><\/pre>\n\n\n\n<iframe loading=\"lazy\" frameborder=\"0\" class=\"juxtapose\" width=\"100%\" height=\"600\" src=\"https:\/\/cdn.knightlab.com\/libs\/juxtapose\/latest\/embed\/index.html?uid=a1474254-b194-11e8-9dba-0edaf8f81e27\"><\/iframe>\n\n\n\n<div class=\"wp-block-image\"><figure class=\"aligncenter\"><img loading=\"lazy\" decoding=\"async\" width=\"352\" height=\"69\" src=\"https:\/\/laverdadesrevolucion.uy\/blog\/wp-content\/uploads\/2018\/09\/image-7.png\" alt=\"\" class=\"wp-image-468\" srcset=\"https:\/\/laverdadesrevolucion.uy\/blog\/wp-content\/uploads\/2018\/09\/image-7.png 352w, https:\/\/laverdadesrevolucion.uy\/blog\/wp-content\/uploads\/2018\/09\/image-7-300x59.png 300w\" sizes=\"auto, (max-width: 352px) 100vw, 352px\" \/><\/figure><\/div>\n\n\n\n<pre class=\"wp-block-preformatted\"><\/pre>\n\n\n\n<iframe loading=\"lazy\" frameborder=\"0\" class=\"juxtapose\" width=\"100%\" height=\"600\" src=\"https:\/\/cdn.knightlab.com\/libs\/juxtapose\/latest\/embed\/index.html?uid=0eb601d8-b193-11e8-9dba-0edaf8f81e27\"><\/iframe>\n\n\n\n<div class=\"wp-block-image\"><figure class=\"aligncenter\"><img loading=\"lazy\" decoding=\"async\" width=\"352\" height=\"86\" src=\"https:\/\/laverdadesrevolucion.uy\/blog\/wp-content\/uploads\/2018\/09\/image-8.png\" alt=\"\" class=\"wp-image-469\" srcset=\"https:\/\/laverdadesrevolucion.uy\/blog\/wp-content\/uploads\/2018\/09\/image-8.png 352w, https:\/\/laverdadesrevolucion.uy\/blog\/wp-content\/uploads\/2018\/09\/image-8-300x73.png 300w\" sizes=\"auto, (max-width: 352px) 100vw, 352px\" \/><\/figure><\/div>\n\n\n\n<pre class=\"wp-block-preformatted\"><\/pre>\n\n\n\n<iframe loading=\"lazy\" frameborder=\"0\" class=\"juxtapose\" width=\"100%\" height=\"600\" src=\"https:\/\/cdn.knightlab.com\/libs\/juxtapose\/latest\/embed\/index.html?uid=dd3e510a-b192-11e8-9dba-0edaf8f81e27\"><\/iframe>\n\n\n\n<div class=\"wp-block-image\"><figure class=\"aligncenter\"><img loading=\"lazy\" decoding=\"async\" width=\"352\" height=\"103\" src=\"https:\/\/laverdadesrevolucion.uy\/blog\/wp-content\/uploads\/2018\/09\/image-9.png\" alt=\"\" class=\"wp-image-470\" srcset=\"https:\/\/laverdadesrevolucion.uy\/blog\/wp-content\/uploads\/2018\/09\/image-9.png 352w, https:\/\/laverdadesrevolucion.uy\/blog\/wp-content\/uploads\/2018\/09\/image-9-300x88.png 300w\" sizes=\"auto, (max-width: 352px) 100vw, 352px\" \/><\/figure><\/div>\n\n\n\n<pre class=\"wp-block-preformatted\"><\/pre>\n\n\n\n<iframe loading=\"lazy\" frameborder=\"0\" class=\"juxtapose\" width=\"100%\" height=\"600\" src=\"https:\/\/cdn.knightlab.com\/libs\/juxtapose\/latest\/embed\/index.html?uid=83f6d108-b192-11e8-9dba-0edaf8f81e27\"><\/iframe>\n\n\n\n<div class=\"wp-block-image\"><figure class=\"aligncenter\"><img loading=\"lazy\" decoding=\"async\" width=\"352\" height=\"103\" src=\"https:\/\/laverdadesrevolucion.uy\/blog\/wp-content\/uploads\/2018\/09\/image-10.png\" alt=\"\" class=\"wp-image-471\" srcset=\"https:\/\/laverdadesrevolucion.uy\/blog\/wp-content\/uploads\/2018\/09\/image-10.png 352w, https:\/\/laverdadesrevolucion.uy\/blog\/wp-content\/uploads\/2018\/09\/image-10-300x88.png 300w\" sizes=\"auto, (max-width: 352px) 100vw, 352px\" \/><\/figure><\/div>\n\n\n\n<pre class=\"wp-block-preformatted\"><\/pre>\n\n\n\n<iframe loading=\"lazy\" frameborder=\"0\" class=\"juxtapose\" width=\"100%\" height=\"600\" src=\"https:\/\/cdn.knightlab.com\/libs\/juxtapose\/latest\/embed\/index.html?uid=2bf3b660-b192-11e8-9dba-0edaf8f81e27\"><\/iframe>\n\n\n\n<div class=\"wp-block-image\"><figure class=\"aligncenter\"><img loading=\"lazy\" decoding=\"async\" width=\"352\" height=\"69\" src=\"https:\/\/laverdadesrevolucion.uy\/blog\/wp-content\/uploads\/2018\/09\/image-11.png\" alt=\"\" class=\"wp-image-472\" srcset=\"https:\/\/laverdadesrevolucion.uy\/blog\/wp-content\/uploads\/2018\/09\/image-11.png 352w, https:\/\/laverdadesrevolucion.uy\/blog\/wp-content\/uploads\/2018\/09\/image-11-300x59.png 300w\" sizes=\"auto, (max-width: 352px) 100vw, 352px\" \/><\/figure><\/div>\n\n\n\n<pre class=\"wp-block-preformatted\"><\/pre>\n\n\n\n<iframe loading=\"lazy\" frameborder=\"0\" class=\"juxtapose\" width=\"100%\" height=\"600\" src=\"https:\/\/cdn.knightlab.com\/libs\/juxtapose\/latest\/embed\/index.html?uid=f735a7ee-b191-11e8-9dba-0edaf8f81e27\"><\/iframe>\n\n\n\n<div class=\"wp-block-image\"><figure class=\"aligncenter\"><img loading=\"lazy\" decoding=\"async\" width=\"352\" height=\"188\" src=\"https:\/\/laverdadesrevolucion.uy\/blog\/wp-content\/uploads\/2018\/09\/image-12.png\" alt=\"\" class=\"wp-image-473\" srcset=\"https:\/\/laverdadesrevolucion.uy\/blog\/wp-content\/uploads\/2018\/09\/image-12.png 352w, https:\/\/laverdadesrevolucion.uy\/blog\/wp-content\/uploads\/2018\/09\/image-12-300x160.png 300w\" sizes=\"auto, (max-width: 352px) 100vw, 352px\" \/><\/figure><\/div>\n\n\n\n<pre class=\"wp-block-preformatted\"><\/pre>\n\n\n\n<iframe loading=\"lazy\" frameborder=\"0\" class=\"juxtapose\" width=\"100%\" height=\"600\" src=\"https:\/\/cdn.knightlab.com\/libs\/juxtapose\/latest\/embed\/index.html?uid=8d4f7148-b191-11e8-9dba-0edaf8f81e27\"><\/iframe>\n\n\n\n<div class=\"wp-block-image\"><figure class=\"aligncenter\"><img loading=\"lazy\" decoding=\"async\" width=\"352\" height=\"120\" src=\"https:\/\/laverdadesrevolucion.uy\/blog\/wp-content\/uploads\/2018\/09\/image-13.png\" alt=\"\" class=\"wp-image-474\" srcset=\"https:\/\/laverdadesrevolucion.uy\/blog\/wp-content\/uploads\/2018\/09\/image-13.png 352w, https:\/\/laverdadesrevolucion.uy\/blog\/wp-content\/uploads\/2018\/09\/image-13-300x102.png 300w\" sizes=\"auto, (max-width: 352px) 100vw, 352px\" \/><\/figure><\/div>\n\n\n\n<pre class=\"wp-block-preformatted\"><\/pre>\n\n\n\n<iframe loading=\"lazy\" frameborder=\"0\" class=\"juxtapose\" width=\"100%\" height=\"600\" src=\"https:\/\/cdn.knightlab.com\/libs\/juxtapose\/latest\/embed\/index.html?uid=ae7b9730-b190-11e8-9dba-0edaf8f81e27\"><\/iframe>\n\n\n\n<div class=\"wp-block-image\"><figure class=\"aligncenter\"><img loading=\"lazy\" decoding=\"async\" width=\"352\" height=\"188\" src=\"https:\/\/laverdadesrevolucion.uy\/blog\/wp-content\/uploads\/2018\/09\/image-14.png\" alt=\"\" class=\"wp-image-475\" srcset=\"https:\/\/laverdadesrevolucion.uy\/blog\/wp-content\/uploads\/2018\/09\/image-14.png 352w, https:\/\/laverdadesrevolucion.uy\/blog\/wp-content\/uploads\/2018\/09\/image-14-300x160.png 300w\" sizes=\"auto, (max-width: 352px) 100vw, 352px\" \/><\/figure><\/div>\n\n\n\n<pre class=\"wp-block-preformatted\"><\/pre>\n\n\n\n<h3 class=\"wp-block-heading\" style=\"text-align:center\"><a href=\"https:\/\/laverdadesrevolucion.uy\/blog\/\">Volver al art\u00edculo<\/a><\/h3>\n","protected":false},"excerpt":{"rendered":"<p>Vista a\u00e9rea general del balneario Ipor\u00e1 y parque Oribe Enlace externo a la comparaci\u00f3n Volver al art\u00edculo<\/p>\n","protected":false},"author":0,"featured_media":0,"parent":0,"menu_order":1,"comment_status":"closed","ping_status":"closed","template":"templates\/no-sidebar.php","meta":{"footnotes":""},"class_list":["post-418","page","type-page","status-publish","hentry"],"_links":{"self":[{"href":"https:\/\/laverdadesrevolucion.uy\/blog\/wp-json\/wp\/v2\/pages\/418","targetHints":{"allow":["GET"]}}],"collection":[{"href":"https:\/\/laverdadesrevolucion.uy\/blog\/wp-json\/wp\/v2\/pages"}],"about":[{"href":"https:\/\/laverdadesrevolucion.uy\/blog\/wp-json\/wp\/v2\/types\/page"}],"replies":[{"embeddable":true,"href":"https:\/\/laverdadesrevolucion.uy\/blog\/wp-json\/wp\/v2\/comments?post=418"}],"version-history":[{"count":19,"href":"https:\/\/laverdadesrevolucion.uy\/blog\/wp-json\/wp\/v2\/pages\/418\/revisions"}],"predecessor-version":[{"id":480,"href":"https:\/\/laverdadesrevolucion.uy\/blog\/wp-json\/wp\/v2\/pages\/418\/revisions\/480"}],"wp:attachment":[{"href":"https:\/\/laverdadesrevolucion.uy\/blog\/wp-json\/wp\/v2\/media?parent=418"}],"curies":[{"name":"wp","href":"https:\/\/api.w.org\/{rel}","templated":true}]}}